{"id":563,"date":"2025-02-19T14:05:14","date_gmt":"2025-02-19T13:05:14","guid":{"rendered":"https:\/\/www.camping-baie-doree.fr\/leisure-activities\/"},"modified":"2025-03-19T11:22:25","modified_gmt":"2025-03-19T10:22:25","slug":"leisure-activities","status":"publish","type":"page","link":"https:\/\/www.camping-baie-doree.fr\/en\/surroundings\/leisure-activities\/","title":{"rendered":"Leisure activities"},"content":{"rendered":"<div class=\"diaporama-header align-full\"><div class=\"gallery\"><figure class=\"gallery__item\"><picture><source srcset=\"https:\/\/www.camping-baie-doree.fr\/wp-content\/uploads\/2025\/02\/AdobeStock_294469646-420x280.webp\" media=\"(max-width: 210px)\"><source srcset=\"https:\/\/www.camping-baie-doree.fr\/wp-content\/uploads\/2025\/02\/AdobeStock_294469646-850x567.webp\" media=\"(max-width: 420px)\"><source srcset=\"https:\/\/www.camping-baie-doree.fr\/wp-content\/uploads\/2025\/02\/AdobeStock_294469646-768x512.webp\" media=\"(max-width: 850px)\"><source srcset=\"https:\/\/www.camping-baie-doree.fr\/wp-content\/uploads\/2025\/02\/AdobeStock_294469646-1024x683.webp\" media=\"(max-width: 1024px)\"><source srcset=\"https:\/\/www.camping-baie-doree.fr\/wp-content\/uploads\/2025\/02\/AdobeStock_294469646.webp\" media=\"(min-width: 1025px)\"><img loading=\"lazy\" decoding=\"async\" src=\"https:\/\/www.camping-baie-doree.fr\/wp-content\/uploads\/2025\/02\/AdobeStock_294469646-420x280.webp\" width=\"420\" height=\"210\" alt=\"\" title=\"\"><\/picture><\/figure><\/div><div class=\"diaporama-header__inner\"><\/div><\/div>\n\n<div class=\"group align-full has-bg has-bg-fond-bleu\" style=\"background-color:var(--fond-bleu);\"><div class=\"columns sec-05\" style=\"align-items:center;\"><div class=\"columns__item\" style=\"align-self:center;\"><h1 class=\"titre bleu\"><span class=\"fc-span\">Leisure Activities<\/span><\/h1><\/div><div class=\"columns__item hide-mob\" style=\"align-self:center;\"><figure class=\"deco-oiseau\"><picture><source srcset=\"https:\/\/www.camping-baie-doree.fr\/wp-content\/uploads\/2025\/02\/deco-oiseau__bleu.webp\" media=\"(max-width: 210px)\"><source srcset=\"https:\/\/www.camping-baie-doree.fr\/wp-content\/uploads\/2025\/02\/deco-oiseau__bleu.webp\" media=\"(max-width: 420px)\"><source srcset=\"https:\/\/www.camping-baie-doree.fr\/wp-content\/uploads\/2025\/02\/deco-oiseau__bleu.webp\" media=\"(max-width: 850px)\"><source srcset=\"https:\/\/www.camping-baie-doree.fr\/wp-content\/uploads\/2025\/02\/deco-oiseau__bleu.webp\" media=\"(max-width: 1024px)\"><source srcset=\"https:\/\/www.camping-baie-doree.fr\/wp-content\/uploads\/2025\/02\/deco-oiseau__bleu.webp\" media=\"(min-width: 1025px)\"><img decoding=\"async\" src=\"https:\/\/www.camping-baie-doree.fr\/wp-content\/uploads\/2025\/02\/deco-oiseau__bleu.webp\" width=\"420\" height=\"210\" loading=\"lazy\" alt=\"\" title=\"\"><\/picture><\/figure><\/div><\/div><div class=\"columns sec-20 reverse-mob\" style=\"align-items:center;\"><div class=\"columns__item media\" style=\"align-self:center;\"><div class=\"gallery fade-up f-carousel fc-diapo-mob\"><figure class=\"gallery__item fade-left\"><picture><source srcset=\"https:\/\/www.camping-baie-doree.fr\/wp-content\/uploads\/2025\/02\/AdobeStock_1526393-420x261.webp\" media=\"(max-width: 210px)\"><source srcset=\"https:\/\/www.camping-baie-doree.fr\/wp-content\/uploads\/2025\/02\/AdobeStock_1526393-850x528.webp\" media=\"(max-width: 420px)\"><source srcset=\"https:\/\/www.camping-baie-doree.fr\/wp-content\/uploads\/2025\/02\/AdobeStock_1526393-768x477.webp\" media=\"(max-width: 850px)\"><source srcset=\"https:\/\/www.camping-baie-doree.fr\/wp-content\/uploads\/2025\/02\/AdobeStock_1526393-1024x636.webp\" media=\"(max-width: 1024px)\"><source srcset=\"https:\/\/www.camping-baie-doree.fr\/wp-content\/uploads\/2025\/02\/AdobeStock_1526393.webp\" media=\"(min-width: 1025px)\"><img decoding=\"async\" src=\"https:\/\/www.camping-baie-doree.fr\/wp-content\/uploads\/2025\/02\/AdobeStock_1526393-420x261.webp\" width=\"420\" height=\"210\" loading=\"lazy\" alt=\"\" title=\"\"><\/picture><figcaption>Meschers Nautical Center<\/figcaption><\/figure><figure class=\"gallery__item fade-left\"><picture><source srcset=\"https:\/\/www.camping-baie-doree.fr\/wp-content\/uploads\/2025\/02\/AdobeStock_258533298-420x278.webp\" media=\"(max-width: 210px)\"><source srcset=\"https:\/\/www.camping-baie-doree.fr\/wp-content\/uploads\/2025\/02\/AdobeStock_258533298-850x563.webp\" media=\"(max-width: 420px)\"><source srcset=\"https:\/\/www.camping-baie-doree.fr\/wp-content\/uploads\/2025\/02\/AdobeStock_258533298-768x509.webp\" media=\"(max-width: 850px)\"><source srcset=\"https:\/\/www.camping-baie-doree.fr\/wp-content\/uploads\/2025\/02\/AdobeStock_258533298-1024x678.webp\" media=\"(max-width: 1024px)\"><source srcset=\"https:\/\/www.camping-baie-doree.fr\/wp-content\/uploads\/2025\/02\/AdobeStock_258533298.webp\" media=\"(min-width: 1025px)\"><img decoding=\"async\" src=\"https:\/\/www.camping-baie-doree.fr\/wp-content\/uploads\/2025\/02\/AdobeStock_258533298-420x278.webp\" width=\"420\" height=\"210\" loading=\"lazy\" alt=\"\" title=\"\"><\/picture><figcaption>Le Puy du Fou<\/figcaption><\/figure><figure class=\"gallery__item fade-left\"><picture><source srcset=\"https:\/\/www.camping-baie-doree.fr\/wp-content\/uploads\/2025\/02\/AdobeStock_210354797-420x280.webp\" media=\"(max-width: 210px)\"><source srcset=\"https:\/\/www.camping-baie-doree.fr\/wp-content\/uploads\/2025\/02\/AdobeStock_210354797-850x567.webp\" media=\"(max-width: 420px)\"><source srcset=\"https:\/\/www.camping-baie-doree.fr\/wp-content\/uploads\/2025\/02\/AdobeStock_210354797-768x512.webp\" media=\"(max-width: 850px)\"><source srcset=\"https:\/\/www.camping-baie-doree.fr\/wp-content\/uploads\/2025\/02\/AdobeStock_210354797-1024x683.webp\" media=\"(max-width: 1024px)\"><source srcset=\"https:\/\/www.camping-baie-doree.fr\/wp-content\/uploads\/2025\/02\/AdobeStock_210354797.webp\" media=\"(min-width: 1025px)\"><img decoding=\"async\" src=\"https:\/\/www.camping-baie-doree.fr\/wp-content\/uploads\/2025\/02\/AdobeStock_210354797-420x280.webp\" width=\"420\" height=\"210\" loading=\"lazy\" alt=\"\" title=\"\"><\/picture><figcaption>Pornic Aventure<\/figcaption><\/figure><figure class=\"gallery__item\"><picture><source srcset=\"https:\/\/www.camping-baie-doree.fr\/wp-content\/uploads\/2025\/02\/AdobeStock_205398454-420x280.webp\" media=\"(max-width: 210px)\"><source srcset=\"https:\/\/www.camping-baie-doree.fr\/wp-content\/uploads\/2025\/02\/AdobeStock_205398454-850x567.webp\" media=\"(max-width: 420px)\"><source srcset=\"https:\/\/www.camping-baie-doree.fr\/wp-content\/uploads\/2025\/02\/AdobeStock_205398454-768x512.webp\" media=\"(max-width: 850px)\"><source srcset=\"https:\/\/www.camping-baie-doree.fr\/wp-content\/uploads\/2025\/02\/AdobeStock_205398454-1024x683.webp\" media=\"(max-width: 1024px)\"><source srcset=\"https:\/\/www.camping-baie-doree.fr\/wp-content\/uploads\/2025\/02\/AdobeStock_205398454.webp\" media=\"(min-width: 1025px)\"><img decoding=\"async\" src=\"https:\/\/www.camping-baie-doree.fr\/wp-content\/uploads\/2025\/02\/AdobeStock_205398454-420x280.webp\" width=\"420\" height=\"210\" loading=\"lazy\" alt=\"\" title=\"\"><\/picture><figcaption>Plan\u00e8te Sauvage<\/figcaption><\/figure><\/div><\/div><div class=\"columns__item texte\" style=\"align-self:center;\"><p    >A selection of leisure activities to enjoy without moderation during your stay at Domaine de la Baie Dor\u00e9e in Loire Atlantique!<\/p><h2>A wide range of leisure activities for everyone<\/h2><p    ><a href=\"https:\/\/www.planetesauvage.com\/\" target=\"_blank\" rel=\"noreferrer noopener\">Plan\u00e8te Sauvage<\/a> lets you discover over 1,000 animals in total immersion in the heart of a preserved natural environment. Discover the 10-kilometre safari by car and the pedestrian section, featuring dolphins, Kirikou Village and the island of Madagascar, as well as two new attractions: the Jungle Temple and the Inca Trail, which will take you on a journey to Asia and South America!<\/p><div class=\"lireplus fc-mob\"><p    >Read more<\/p><div class=\"group\"><p    >Le <a href=\"https:\/\/legendiaparc.com\/infos-pratiques\/calendrier-horaires-tarifs\/\" target=\"_blank\" rel=\"noreferrer noopener\">L\u00e9gendia Parc<\/a> invites you on a journey of mystery and fantasy through tales and legends. Follow the train and walking trails through magnificent scenery: the dwarf hamlet, the unicorn waterfall, the dragon hunter&#8217;s villa, the elf village&#8230; take young and old into an enchanted world.<\/p><\/div><\/div><\/div><\/div><\/div>\n\n<div class=\"group sec-15 vagues align-full has-bg has-bg-bleu-fonce\" style=\"background-color:var(--bleu-fonce);\"><p class=\"titre\" style=\"text-align: center;\"  >But also<\/p><p    >For thrill-seekers, head for <a href=\"http:\/\/www.pornic-aventure.com\/\" target=\"_blank\" rel=\"noreferrer noopener\">Pornic Aventure<\/a> and its 9 courses featuring suspended swings, crossing nets, suspended barrels, monkey bridges, Tarzan jumps, ropes and logs, Nepalese bridges, balance beams, footbridges, ascending and descending zip lines&#8230; The right course for every age (from 4 upwards): Initiation, Kids, Super Kids, Easy, Fun, Sporty, Physical, Pro&#8230;<\/p><p    >Whether you&#8217;re a beginner or an experienced watersports enthusiast, your stay at Camping Le Domaine de la Baie Dor\u00e9e on the seafront promises to provide you with all the pleasures of the water. The Centre Nautique de Meschers offers a range of activities: collective boats, catamarans, dinghies, optimists, windsurfing and stand-up paddling.<\/p><div class=\"lireplus fc-mob\"><p    >Read more<\/p><div class=\"group\"><p    >Baie de Bourgneuf is a paradise for anglers. At high tide, when the sea is in full reverence, you can pick oysters and mussels from the rocks, cockles, clams and pine nuts from the sandy bottoms to fill your baskets.<\/p><p    >And to delight young and old alike, take a day trip to the <a href=\"https:\/\/www.puydufou.com\/france\/fr\" target=\"_blank\" rel=\"noreferrer noopener\">Grand Parc du Puy du Fou<\/a> for an unforgettable journey through time. Voted best park in the world, the Puy du Fou presents dazzling, breathtaking shows retracing the history of the Vend\u00e9e from antiquity to the 14-18 war. The highlight of this outing: La Cin\u00e9sc\u00e9nie, the world&#8217;s biggest night-time show!<\/p><\/div><\/div><\/div>","protected":false},"excerpt":{"rendered":"<p>Leisure Activities A selection of leisure activities to enjoy without moderation during your stay at Domaine de la Baie Dor\u00e9e in Loire Atlantique! A wide range of leisure activities for everyone Plan\u00e8te Sauvage lets you discover over 1,000 animals in total immersion in the heart of a preserved natural environment. Discover the 10-kilometre safari by [&hellip;]<\/p>\n","protected":false},"author":1,"featured_media":0,"parent":559,"menu_order":0,"comment_status":"closed","ping_status":"closed","template":"","meta":{"_acf_changed":false,"footnotes":""},"acf":[],"_links":{"self":[{"href":"https:\/\/www.camping-baie-doree.fr\/en\/wp-json\/wp\/v2\/pages\/563"}],"collection":[{"href":"https:\/\/www.camping-baie-doree.fr\/en\/wp-json\/wp\/v2\/pages"}],"about":[{"href":"https:\/\/www.camping-baie-doree.fr\/en\/wp-json\/wp\/v2\/types\/page"}],"author":[{"embeddable":true,"href":"https:\/\/www.camping-baie-doree.fr\/en\/wp-json\/wp\/v2\/users\/1"}],"replies":[{"embeddable":true,"href":"https:\/\/www.camping-baie-doree.fr\/en\/wp-json\/wp\/v2\/comments?post=563"}],"version-history":[{"count":5,"href":"https:\/\/www.camping-baie-doree.fr\/en\/wp-json\/wp\/v2\/pages\/563\/revisions"}],"predecessor-version":[{"id":1235,"href":"https:\/\/www.camping-baie-doree.fr\/en\/wp-json\/wp\/v2\/pages\/563\/revisions\/1235"}],"up":[{"embeddable":true,"href":"https:\/\/www.camping-baie-doree.fr\/en\/wp-json\/wp\/v2\/pages\/559"}],"wp:attachment":[{"href":"https:\/\/www.camping-baie-doree.fr\/en\/wp-json\/wp\/v2\/media?parent=563"}],"curies":[{"name":"wp","href":"https:\/\/api.w.org\/{rel}","templated":true}]}}